{"id":5739,"date":"2024-04-25T11:49:49","date_gmt":"2024-04-25T14:49:49","guid":{"rendered":"https:\/\/estudiomoc.com.ar\/?page_id=5739"},"modified":"2024-06-07T13:08:48","modified_gmt":"2024-06-07T16:08:48","slug":"gustavo-venanzi","status":"publish","type":"page","link":"https:\/\/estudiomoc.com.ar\/index.php\/gustavo-venanzi\/","title":{"rendered":"Gustavo Venanzi"},"content":{"rendered":"\t\t<div data-elementor-type=\"wp-page\" data-elementor-id=\"5739\" class=\"elementor elementor-5739\">\n\t\t\t\t<div class=\"elementor-element elementor-element-a3388e2 e-flex e-con-boxed e-con e-parent\" data-id=\"a3388e2\" data-element_type=\"container\" data-e-type=\"container\">\n\t\t\t\t\t<div class=\"e-con-inner\">\n\t\t<div class=\"elementor-element elementor-element-521c253 e-con-full e-flex e-con e-child\" data-id=\"521c253\" data-element_type=\"container\" data-e-type=\"container\">\n\t\t\t\t<div class=\"elementor-element elementor-element-ca1fd27 elementor-widget elementor-widget-image\" data-id=\"ca1fd27\" data-element_type=\"widget\" data-e-type=\"widget\" data-widget_type=\"image.default\">\n\t\t\t\t<div class=\"elementor-widget-container\">\n\t\t\t\t\t\t\t\t\t\t\t\t\t\t\t<img fetchpriority=\"high\" decoding=\"async\" width=\"683\" height=\"1024\" src=\"https:\/\/estudiomoc.com.ar\/wp-content\/uploads\/2024\/05\/perfiles-01-683x1024.png\" class=\"attachment-large size-large wp-image-6032\" alt=\"Foto perfil Gustavo Venanzi, Arquitecto del estudio MOC\" srcset=\"https:\/\/estudiomoc.com.ar\/wp-content\/uploads\/2024\/05\/perfiles-01-683x1024.png 683w, https:\/\/estudiomoc.com.ar\/wp-content\/uploads\/2024\/05\/perfiles-01-200x300.png 200w, https:\/\/estudiomoc.com.ar\/wp-content\/uploads\/2024\/05\/perfiles-01-768x1151.png 768w, https:\/\/estudiomoc.com.ar\/wp-content\/uploads\/2024\/05\/perfiles-01-1024x1536.png 1024w, https:\/\/estudiomoc.com.ar\/wp-content\/uploads\/2024\/05\/perfiles-01-1366x2048.png 1366w, https:\/\/estudiomoc.com.ar\/wp-content\/uploads\/2024\/05\/perfiles-01.png 1454w\" sizes=\"(max-width: 683px) 100vw, 683px\" \/>\t\t\t\t\t\t\t\t\t\t\t\t\t\t\t<\/div>\n\t\t\t\t<\/div>\n\t\t\t\t<\/div>\n\t\t<div class=\"elementor-element elementor-element-33c1235 e-con-full e-flex e-con e-child\" data-id=\"33c1235\" data-element_type=\"container\" data-e-type=\"container\">\n\t\t\t\t<div class=\"elementor-element elementor-element-827b80f elementor-widget elementor-widget-heading\" data-id=\"827b80f\" data-element_type=\"widget\" data-e-type=\"widget\" data-widget_type=\"heading.default\">\n\t\t\t\t<div class=\"elementor-widget-container\">\n\t\t\t\t\t<h1 class=\"elementor-heading-title elementor-size-default\">Gustavo Venanzi\n<\/h1>\t\t\t\t<\/div>\n\t\t\t\t<\/div>\n\t\t\t\t<div class=\"elementor-element elementor-element-3ae4891 elementor-invisible elementor-widget elementor-widget-heading\" data-id=\"3ae4891\" data-element_type=\"widget\" data-e-type=\"widget\" data-settings=\"{&quot;_animation&quot;:&quot;fadeInLeft&quot;}\" data-widget_type=\"heading.default\">\n\t\t\t\t<div class=\"elementor-widget-container\">\n\t\t\t\t\t<h2 class=\"elementor-heading-title elementor-size-default\">ARQUITECTO<\/h2>\t\t\t\t<\/div>\n\t\t\t\t<\/div>\n\t\t\t\t<div class=\"elementor-element elementor-element-5a6813c elementor-widget-divider--view-line elementor-invisible elementor-widget elementor-widget-divider\" data-id=\"5a6813c\" data-element_type=\"widget\" data-e-type=\"widget\" data-settings=\"{&quot;_animation&quot;:&quot;fadeInLeft&quot;}\" data-widget_type=\"divider.default\">\n\t\t\t\t<div class=\"elementor-widget-container\">\n\t\t\t\t\t\t\t<div class=\"elementor-divider\">\n\t\t\t<span class=\"elementor-divider-separator\">\n\t\t\t\t\t\t<\/span>\n\t\t<\/div>\n\t\t\t\t\t\t<\/div>\n\t\t\t\t<\/div>\n\t\t\t\t<div class=\"elementor-element elementor-element-79f4fc3 elementor-widget elementor-widget-text-editor\" data-id=\"79f4fc3\" data-element_type=\"widget\" data-e-type=\"widget\" data-widget_type=\"text-editor.default\">\n\t\t\t\t<div class=\"elementor-widget-container\">\n\t\t\t\t\t\t\t\t\t<p><span style=\"font-weight: 400;\">Gustavo Venanzi naci\u00f3 en Vela, creci\u00f3 en Tandil y estudi\u00f3 Arquitectura en la Facultad de Arquitectura, Urbanismo y Dise\u00f1o de la Universidad Nacional de Mar del Plata. Luego de terminar sus estudios volvi\u00f3 a la ciudad serrana, donde trabaj\u00f3 en distintas empresas, tanto en proyecto como en direcci\u00f3n de obras, hasta que en 2012 se independiz\u00f3. En 2019 se convirti\u00f3 en uno de los cuatro socios fundadores de M\u00d6C y hoy cuenta con el certificado de Passive House Designer, t\u00edtulo que lo capacita para dise\u00f1ar y desarrollar construcciones que combinan el m\u00e1ximo confort con el m\u00ednimo consumo energ\u00e9tico posible y que responde al est\u00e1ndar internacional Casa Pasiva.<\/span><\/p>\t\t\t\t\t\t\t\t<\/div>\n\t\t\t\t<\/div>\n\t\t\t\t<div class=\"elementor-element elementor-element-7a8f78b e-grid-align-left elementor-shape-rounded elementor-grid-0 elementor-widget elementor-widget-social-icons\" data-id=\"7a8f78b\" data-element_type=\"widget\" data-e-type=\"widget\" data-widget_type=\"social-icons.default\">\n\t\t\t\t<div class=\"elementor-widget-container\">\n\t\t\t\t\t\t\t<div class=\"elementor-social-icons-wrapper elementor-grid\">\n\t\t\t\t\t\t\t<span class=\"elementor-grid-item\">\n\t\t\t\t\t<a class=\"elementor-icon elementor-social-icon elementor-social-icon-envelope elementor-repeater-item-28ac979\" href=\"\" target=\"_blank\">\n\t\t\t\t\t\t<span class=\"elementor-screen-only\">Envelope<\/span>\n\t\t\t\t\t\t<svg aria-hidden=\"true\" class=\"e-font-icon-svg e-fas-envelope\" viewBox=\"0 0 512 512\" xmlns=\"http:\/\/www.w3.org\/2000\/svg\"><path d=\"M502.3 190.8c3.9-3.1 9.7-.2 9.7 4.7V400c0 26.5-21.5 48-48 48H48c-26.5 0-48-21.5-48-48V195.6c0-5 5.7-7.8 9.7-4.7 22.4 17.4 52.1 39.5 154.1 113.6 21.1 15.4 56.7 47.8 92.2 47.6 35.7.3 72-32.8 92.3-47.6 102-74.1 131.6-96.3 154-113.7zM256 320c23.2.4 56.6-29.2 73.4-41.4 132.7-96.3 142.8-104.7 173.4-128.7 5.8-4.5 9.2-11.5 9.2-18.9v-19c0-26.5-21.5-48-48-48H48C21.5 64 0 85.5 0 112v19c0 7.4 3.4 14.3 9.2 18.9 30.6 23.9 40.7 32.4 173.4 128.7 16.8 12.2 50.2 41.8 73.4 41.4z\"><\/path><\/svg>\t\t\t\t\t<\/a>\n\t\t\t\t<\/span>\n\t\t\t\t\t<\/div>\n\t\t\t\t\t\t<\/div>\n\t\t\t\t<\/div>\n\t\t\t\t<\/div>\n\t\t\t\t\t<\/div>\n\t\t\t\t<\/div>\n\t\t\t\t<\/div>\n\t\t","protected":false},"excerpt":{"rendered":"<p>Gustavo Venanzi ARQUITECTO Gustavo Venanzi naci\u00f3 en Vela, creci\u00f3 en Tandil y estudi\u00f3 Arquitectura en la Facultad de Arquitectura, Urbanismo y Dise\u00f1o de la Universidad Nacional de Mar del Plata. Luego de terminar sus estudios volvi\u00f3 a la ciudad serrana, donde trabaj\u00f3 en distintas empresas, tanto en proyecto como en direcci\u00f3n de obras, hasta que [&hellip;]<\/p>\n","protected":false},"author":1,"featured_media":0,"parent":0,"menu_order":0,"comment_status":"closed","ping_status":"closed","template":"elementor_header_footer","meta":{"footnotes":""},"class_list":["post-5739","page","type-page","status-publish","hentry"],"_links":{"self":[{"href":"https:\/\/estudiomoc.com.ar\/index.php\/wp-json\/wp\/v2\/pages\/5739","targetHints":{"allow":["GET"]}}],"collection":[{"href":"https:\/\/estudiomoc.com.ar\/index.php\/wp-json\/wp\/v2\/pages"}],"about":[{"href":"https:\/\/estudiomoc.com.ar\/index.php\/wp-json\/wp\/v2\/types\/page"}],"author":[{"embeddable":true,"href":"https:\/\/estudiomoc.com.ar\/index.php\/wp-json\/wp\/v2\/users\/1"}],"replies":[{"embeddable":true,"href":"https:\/\/estudiomoc.com.ar\/index.php\/wp-json\/wp\/v2\/comments?post=5739"}],"version-history":[{"count":67,"href":"https:\/\/estudiomoc.com.ar\/index.php\/wp-json\/wp\/v2\/pages\/5739\/revisions"}],"predecessor-version":[{"id":6728,"href":"https:\/\/estudiomoc.com.ar\/index.php\/wp-json\/wp\/v2\/pages\/5739\/revisions\/6728"}],"wp:attachment":[{"href":"https:\/\/estudiomoc.com.ar\/index.php\/wp-json\/wp\/v2\/media?parent=5739"}],"curies":[{"name":"wp","href":"https:\/\/api.w.org\/{rel}","templated":true}]}}